{"id":61,"date":"2025-04-11T19:09:16","date_gmt":"2025-04-11T17:09:16","guid":{"rendered":"https:\/\/www.apostasiamatildelanda.es\/?page_id=61"},"modified":"2025-04-23T23:06:49","modified_gmt":"2025-04-23T21:06:49","slug":"tu-experiencia","status":"publish","type":"page","link":"https:\/\/www.apostasiamatildelanda.es\/index.php\/tu-experiencia\/","title":{"rendered":"Contacto"},"content":{"rendered":"\n<p class=\"has-foreground-color has-text-color has-link-color wp-elements-9f9e8046f98c2ee9d804484fc290cf8b\">Tenemos una <strong>direcci\u00f3n de correo<\/strong> donde puedes escribirnos para cualquier consulta: <\/p>\n\n\n\n<p class=\"has-vivid-cyan-blue-color has-text-color has-link-color wp-elements-c3f7ecbaf9d16d51e417d26cb0a0e42d\">                         <strong> apostasiamatildelanda@gmail.com<\/strong><\/p>\n\n\n\n<p>Tambi\u00e9n puedes enviarnos un <strong>WhatsApp<\/strong> al tel\u00e9fono 682479405<\/p>\n\n\n\n<p>Podr\u00e1s consultar las actividades de la campa\u00f1a a trav\u00e9s de esta web, aunque tambi\u00e9n puedes pedirnos que te informemos a trav\u00e9s de tu correo o tel\u00e9fono.<\/p>\n\n\n\n<p>O a lo mejor prefieres informarte a trav\u00e9s de las <strong>redes sociales<\/strong>: <\/p>\n\n\n\n<p><strong>Instagram<\/strong>  @apostasiamatildelanda<\/p>\n\n\n\n<p><strong>X <\/strong>               @apostasiamlanda<\/p>\n\n\n\n<p><strong>Facebook<\/strong>   Campa\u00f1a Apostas\u00eda Matilde Landa<\/p>\n\n\n\n<p><\/p>\n\n\n\n<p><\/p>\n","protected":false},"excerpt":{"rendered":"<p>Tenemos una direcci\u00f3n de correo donde puedes escribirnos para cualquier consulta: apostasiamatildelanda@gmail.com Tambi\u00e9n puedes enviarnos un WhatsApp al tel\u00e9fono 682479405 Podr\u00e1s consultar las actividades de la campa\u00f1a a trav\u00e9s de esta web, aunque tambi\u00e9n puedes pedirnos que te informemos a trav\u00e9s de tu correo o tel\u00e9fono. O a lo mejor prefieres informarte a trav\u00e9s de [&hellip;]<\/p>\n","protected":false},"author":1,"featured_media":0,"parent":0,"menu_order":0,"comment_status":"closed","ping_status":"closed","template":"","meta":{"footnotes":""},"class_list":["post-61","page","type-page","status-publish","hentry"],"_links":{"self":[{"href":"https:\/\/www.apostasiamatildelanda.es\/index.php\/wp-json\/wp\/v2\/pages\/61","targetHints":{"allow":["GET"]}}],"collection":[{"href":"https:\/\/www.apostasiamatildelanda.es\/index.php\/wp-json\/wp\/v2\/pages"}],"about":[{"href":"https:\/\/www.apostasiamatildelanda.es\/index.php\/wp-json\/wp\/v2\/types\/page"}],"author":[{"embeddable":true,"href":"https:\/\/www.apostasiamatildelanda.es\/index.php\/wp-json\/wp\/v2\/users\/1"}],"replies":[{"embeddable":true,"href":"https:\/\/www.apostasiamatildelanda.es\/index.php\/wp-json\/wp\/v2\/comments?post=61"}],"version-history":[{"count":5,"href":"https:\/\/www.apostasiamatildelanda.es\/index.php\/wp-json\/wp\/v2\/pages\/61\/revisions"}],"predecessor-version":[{"id":245,"href":"https:\/\/www.apostasiamatildelanda.es\/index.php\/wp-json\/wp\/v2\/pages\/61\/revisions\/245"}],"wp:attachment":[{"href":"https:\/\/www.apostasiamatildelanda.es\/index.php\/wp-json\/wp\/v2\/media?parent=61"}],"curies":[{"name":"wp","href":"https:\/\/api.w.org\/{rel}","templated":true}]}}