{"id":39,"date":"2025-04-11T11:39:32","date_gmt":"2025-04-11T09:39:32","guid":{"rendered":"http:\/\/apostasiamatildelanda.optyma.com\/?page_id=39"},"modified":"2025-07-12T22:16:44","modified_gmt":"2025-07-12T20:16:44","slug":"enlaces","status":"publish","type":"page","link":"https:\/\/www.apostasiamatildelanda.es\/index.php\/enlaces\/","title":{"rendered":"C\u00f3mo apostatar"},"content":{"rendered":"\n<p>En esta p\u00e1gina encontrar\u00e9is unas orientaciones generales, nos vamos a ir nutriendo de la experiencia de todas las personas que participemos. <\/p>\n\n\n\n<p class=\"has-foreground-color has-text-color has-link-color wp-elements-7c493d4d73a96c5977faedd197a4d9fb\">Por eso, todo lo que os encontr\u00e9is que se aparte de las orientaciones generales y pens\u00e9is que pueda ser de ayuda para el resto, por favor, hac\u00e9dnoslo llegar. Y si os hab\u00e9is encontrado con dificultades, tambi\u00e9n. Porque adem\u00e1s de apostatar, podremos hacer una foto de situaci\u00f3n.<\/p>\n\n\n\n<p>Pinchad en los siguientes pasos para acceder a la informaci\u00f3n:<\/p>\n\n\n\n<ol class=\"wp-block-list\">\n<li><a href=\"#partida\">Obtener <strong>copia de tu partida de bautismo<\/strong>. (En tu parroquia de bautismo)<\/a><\/li>\n\n\n\n<li><a href=\"#dni\">Hacer una&nbsp;<strong>fotocopia de tu DNI<\/strong><\/a>. <\/li>\n\n\n\n<li><a href=\"#formulario\">Rellenar&nbsp;un&nbsp;<strong>formulario<\/strong>&nbsp;de apostas\u00eda.<\/a><\/li>\n\n\n\n<li><a href=\"#solicitar\"><strong>Presentar personalmente o enviar por correo estos tres documentos<\/strong>.<\/a> (En la di\u00f3cesis donde residas)<\/li>\n\n\n\n<li><strong><a href=\"#fin\">Conseguir la apostas\u00eda<\/a><\/strong><\/li>\n<\/ol>\n\n\n\n<h3 class=\"wp-block-heading has-vivid-red-color has-text-color has-link-color wp-elements-ddd27aad348d4397958312c428ade714\" id=\"partida\"><strong>Obtener partida de bautismo<\/strong> <\/h3>\n\n\n\n<p><strong>\u00bfD\u00f3nde se obtiene?<\/strong><\/p>\n\n\n\n<p>En la iglesia <strong>donde recibiste el bautismo<\/strong>, o en su secretar\u00eda o despacho parroquial.<\/p>\n\n\n\n<p>Simplemente identific\u00e1ndote con tu nombre y la fecha m\u00e1s aproximada posible de tu bautizo. &nbsp;<\/p>\n\n\n\n<p><strong>\u00bfTengo que ir presencialmente?<\/strong><\/p>\n\n\n\n<p>Puedes contactar primero con la iglesia (tel\u00e9fono o correo electr\u00f3nico) para solicitarlo y darles un margen para que la tengan disponible y as\u00ed solo tener que ir a recogerla.<\/p>\n\n\n\n<p>Igualmente, si no vives cerca o no tienes tiempo, puedes redactar una autorizaci\u00f3n a otra persona y adjuntar una fotocopia del DNI, para que en tu nombre la solicite y\/o te la recoja. <\/p>\n\n\n\n<p>Otra opci\u00f3n que tienes es pedirles que te la env\u00eden por correo. En este caso puede que la env\u00eden por correo ordinario y sea gratuito o que te cobren algo, por la experiencia de otras personas no deber\u00eda exceder de 10-15 euros. <\/p>\n\n\n\n<p>De momento a todas las personas que han indicado que no pueden ir presencialmente se la han enviado. <\/p>\n\n\n\n<p class=\"has-vivid-red-color has-text-color has-link-color wp-elements-aab07856d57dd59b51c3517bcf5e1e28\"><strong>\u00bfEs gratuita?<\/strong><\/p>\n\n\n\n<p>Deber\u00eda. Para empezar, tiene poco sentido que nos exijan un documento que ya consta en su poder, pues es la iglesia qui\u00e9n tiene la partida. Y menos sentido a\u00fan que tengamos que pagar por ella. Pero hay parroquias que s\u00ed cobran, unos 10 -15 euros, y queremos documentar cu\u00e1les son. Ten\u00e9is nuestro correo, por favor, decidnos si os cobran o si os ponen cualquier otro inconveniente. <\/p>\n\n\n\n<p><strong>Consejo si no tienes claro d\u00f3nde fue tu bautizo<\/strong><\/p>\n\n\n\n<p>Te recomendamos ponerte en contacto con la di\u00f3cesis correspondiente a la poblaci\u00f3n donde naciste, todas suelen tener un tel\u00e9fono o un correo donde os atender\u00e1n.<\/p>\n\n\n\n<p>Por ejemplo, si ten\u00e9is que hacer alguna consulta sobre la partida de bautismo en alguna parroquia que pertenezca a la archidi\u00f3cesis de Barcelona pod\u00e9is dirigir vuestra consulta al archivo diocesano de Barcelona <a href=\"mailto:arxiudb@arqbcn.cat\">arxiudb@arqbcn.cat<\/a> o llamar al 93 270 10 17.<\/p>\n\n\n\n<p class=\"has-foreground-color has-text-color has-link-color wp-elements-374103825b740185a27153fc9aab8529\">Otro ejemplo, la archidi\u00f3cesis de Madrid informa de que dispone de un tel\u00e9fono donde atienden las consultas de apostas\u00eda: 91 454 64 87.&nbsp; Tambi\u00e9n pod\u00e9is usar el tel\u00e9fono de centralita 91 454 64 00 y pulsar la opci\u00f3n 3 para partidas bautismales. <\/p>\n\n\n\n<p class=\"has-foreground-color has-text-color has-link-color wp-elements-6e1e746befdff6d3c3cef921268342c5\">O pod\u00e9is escribir al correo <a href=\"mailto:info@archidiocesis.madrid\">info@archidiocesis.madrid<\/a><\/p>\n\n\n\n<p>Si tu bautizo fue en un hospital, tu partida de bautismo deber\u00eda proporcion\u00e1rtela la di\u00f3cesis o archidi\u00f3cesis correspondiente, llamadles para decirles los datos que ten\u00e9is y os la buscar\u00e1n.<\/p>\n\n\n\n<p>Y con car\u00e1cter general, tengamos dudas o no, no est\u00e1 de m\u00e1s llamar o escribir a la parroquia o al obispado\/di\u00f3cesis para confirmar que el procedimiento que se sigue es este y que no nos hagan perder el tiempo. Ahora con los correos electr\u00f3nicos, todo es m\u00e1s f\u00e1cil.<\/p>\n\n\n\n<h3 class=\"wp-block-heading has-vivid-red-color has-text-color has-link-color wp-elements-2129a9f90ef7d3aea678924d676eb3e7\" id=\"dni\"><strong>Fotocopia de tu DNI<\/strong> <\/h3>\n\n\n\n<p>Atenci\u00f3n que tenemos novedades en este punto. <\/p>\n\n\n\n<p>Hasta el momento ning\u00fan obispado estaba exigiendo la compulsa del DNI, cosa bastante l\u00f3gica pues si vas personalmente con ense\u00f1arlo ya ser\u00eda suficiente para comprobar la identidad de quien presenta la solicitud, por tanto ni siquiera ser\u00eda necesario aportar la fotocopia y mucho menos compulsada. <\/p>\n\n\n\n<p><\/p>\n\n\n\n<p>Pero de repente la archidiocesis de Madrid se ha sacado de la manga exigirlo. Y decimos de repente porque las primeras ap\u00f3statas que fueron sin la compulsa no tuvieron ning\u00fan problema. Por tanto, cuidado que si os present\u00e1is en la calle Bail\u00e9n sin la compulsa lo primero que van a hacer es intentar rechazar vuestra presentaci\u00f3n. \u00bfNo pens\u00e1is que deber\u00edan tener en su p\u00e1gina web expuestos todos los requisitos para que la gente no se hiciera un paseo en balde? Eso ser\u00eda un ejercicio de transparencia de la que presume la iglesia. <\/p>\n\n\n\n<p>Tenemos bien claro que son maniobras para fastidiar, para intentar que os ech\u00e9is para atr\u00e1s en vuestro procedimiento. \u00bfY por qu\u00e9 la iglesia no quiere que apostatemos? <\/p>\n\n\n\n<p>Tambi\u00e9n en la archidi\u00f3cesis de Madrid os dicen que vuestra solicitud no sirve y que ten\u00e9is que rellenar una declaraci\u00f3n de apostas\u00eda que os facilitan ellos. Perfecto, lo rellen\u00e1is y listo, os dar\u00e1n una copia con el sello de haberlo presentado. En todo caso, pod\u00e9is adjuntar vuestra declaraci\u00f3n a la que rellen\u00e1is, como otro documento m\u00e1s que aport\u00e1is, est\u00e1is en vuestro derecho y es mucho m\u00e1s rebonica la nuestra que la que nos ofrecen. <\/p>\n\n\n\n<p>Recordad que en las comisar\u00edas os hacen la compulsa gratis. <\/p>\n\n\n\n<p>Y si por cualquier casualidad no pudierais acudir a la comisar\u00eda, presentadlo sin compulsar, porque vosotros ten\u00e9is derecho a presentar la solicitud y luego si os respondieran que no os la admiten por esa raz\u00f3n, pues nos lo cont\u00e1is inmediatamente. <\/p>\n\n\n\n<p class=\"has-foreground-color has-text-color has-link-color wp-elements-3f62bb0799c4460300fb804e5f2ae457\">Recordad queridos madrile\u00f1os y madrile\u00f1as, que cuantas m\u00e1s dificultades os pongan para salir, m\u00e1s gusto y felicidad os dar\u00e1 hacerlo. <\/p>\n\n\n\n<p><\/p>\n\n\n\n<h3 class=\"wp-block-heading has-vivid-red-color has-text-color has-link-color wp-elements-91773ef2fc4f6e7daf39a320589e30f1\" id=\"formulario\"><strong>Formulario de apostas\u00eda<\/strong><\/h3>\n\n\n\n<p>Os dejamos un modelo de formulario en formato Word, para que cumplimentes e imprimas o, si lo prefieres, en formato PDF para imprimir y rellenar despu\u00e9s con tus datos personales.<\/p>\n\n\n\n<p><a href=\"https:\/\/www.apostasiamatildelanda.es\/wp-content\/uploads\/2025\/04\/Formulario-Apostasia-Matilde-Landa-Word.zip\">Formulario en Word<\/a><\/p>\n\n\n\n<p><a href=\"https:\/\/www.apostasiamatildelanda.es\/wp-content\/uploads\/2025\/04\/Formulario-Apostasia-Matilde-Landa-PDF-4.zip\">Formulario en PDF<\/a><\/p>\n\n\n\n<h3 class=\"wp-block-heading has-vivid-red-color has-text-color has-link-color wp-elements-eefbceee38a7d1f92f62c04a4cc69291\" id=\"solicitar\"><strong>Presentar la solicitud<\/strong><\/h3>\n\n\n\n<p>Una vez cumplimentado el formulario de solicitud, se presentar\u00e1 en el obispado <strong>correspondiente a la localidad donde residas actualmente,<\/strong> junto a la copia del DNI y la partida de bautismo.<\/p>\n\n\n\n<p class=\"has-foreground-color has-text-color has-link-color wp-elements-8ae3867629a6dea75bb1f5714f6817dd\">Pod\u00e9is pedir cita para presentarlo o bien pod\u00e9is enviarlo todo por correo. <\/p>\n\n\n\n<p><strong>\u00bfQu\u00e9 dificultad os pod\u00e9is encontrar? <\/strong>Que no os dejen hacer el tr\u00e1mite por correo y que os exijan acudir al obispado presencialmente y&#8230; \u00a1en horario de ma\u00f1ana! Esto est\u00e1 pasando en el arzobispado de Madrid, que llevas rellena la declaraci\u00f3n de apostas\u00eda con todos tus datos personales y te hacen ir y rellenar otra declaraci\u00f3n de apostas\u00eda con todos tus datos personales, algo francamente in\u00fatil pero un se\u00f1or notario (que es un p\u00e1rroco u otra autoridad eclesial que se hace llamar as\u00ed) se queda m\u00e1s conforme. <\/p>\n\n\n\n<p>Si en otros obispados adem\u00e1s del de Madrid tambi\u00e9n os exigen ir presencialmente, por favor, queremos tener esa informaci\u00f3n, escribidnos y contadnos.<\/p>\n\n\n\n<h3 class=\"wp-block-heading has-vivid-red-color has-text-color has-link-color wp-elements-caae8a9825147aa3f510e7873354d702\" id=\"fin\"><strong>Conseguir la apostas\u00eda<\/strong><\/h3>\n\n\n\n<p>Como nos escriben nuestros amigos de Ateus de Catalunya, apostatar es un acto \u00edntimo y personal de renuncia a la fe, por tanto ninguna iglesia nos lo tiene que autorizar o permitir. Pero lo que perseguimos con esta campa\u00f1a es visibilizar esa apostas\u00eda mediante el reconocimiento formal y la inscripci\u00f3n en el libro de bautismo. <\/p>\n\n\n\n<p>Y ese reconocimiento o compromiso de haberlo tramitado es el certificado que est\u00e1n recibiendo nuestros ap\u00f3statas de los distintos obispados en los que est\u00e1n presentado sus solicitudes. \u00bfEn todos? No, en todos no. Por ejemplo no tenemos constancia de ning\u00fan certificado a\u00fan expedido por la archidi\u00f3cesis de Madrid. Tendremos que dirigirnos a la presidenta Ayuso tan defensora de la libertad para que le reclame a la archidi\u00f3cesis de la capital un poquito de celeridad y colaboraci\u00f3n para que se garantice ese derecho, que la libertad de conciencia (su reconocimiento) debe estar garantizada al menos tanto como la libertad de tomar ca\u00f1as. <\/p>\n\n\n\n<p>Ahora que empiezan las vacaciones, quiz\u00e1s sea un buen momento para las personas menos confiadas de acercarse a la parroquia u obispado de residencia y comprobar que esa anotaci\u00f3n est\u00e1 realizada. <\/p>\n\n\n\n<p>Os pedimos que nos inform\u00e9is sobre el contenido de las cartas o certificados que est\u00e1is recibiendo, para tener un control sobre c\u00f3mo se est\u00e1n atendiendo nuestras solicitudes una vez tramitadas. <\/p>\n\n\n\n<p>\u00a1Seguimos en contacto!<\/p>\n\n\n\n<p><\/p>\n","protected":false},"excerpt":{"rendered":"<p>En esta p\u00e1gina encontrar\u00e9is unas orientaciones generales, nos vamos a ir nutriendo de la experiencia de todas las personas que participemos. Por eso, todo lo que os encontr\u00e9is que se aparte de las orientaciones generales y pens\u00e9is que pueda ser de ayuda para el resto, por favor, hac\u00e9dnoslo llegar. Y si os hab\u00e9is encontrado con [&hellip;]<\/p>\n","protected":false},"author":1,"featured_media":0,"parent":0,"menu_order":0,"comment_status":"closed","ping_status":"closed","template":"","meta":{"footnotes":""},"class_list":["post-39","page","type-page","status-publish","hentry"],"_links":{"self":[{"href":"https:\/\/www.apostasiamatildelanda.es\/index.php\/wp-json\/wp\/v2\/pages\/39","targetHints":{"allow":["GET"]}}],"collection":[{"href":"https:\/\/www.apostasiamatildelanda.es\/index.php\/wp-json\/wp\/v2\/pages"}],"about":[{"href":"https:\/\/www.apostasiamatildelanda.es\/index.php\/wp-json\/wp\/v2\/types\/page"}],"author":[{"embeddable":true,"href":"https:\/\/www.apostasiamatildelanda.es\/index.php\/wp-json\/wp\/v2\/users\/1"}],"replies":[{"embeddable":true,"href":"https:\/\/www.apostasiamatildelanda.es\/index.php\/wp-json\/wp\/v2\/comments?post=39"}],"version-history":[{"count":30,"href":"https:\/\/www.apostasiamatildelanda.es\/index.php\/wp-json\/wp\/v2\/pages\/39\/revisions"}],"predecessor-version":[{"id":470,"href":"https:\/\/www.apostasiamatildelanda.es\/index.php\/wp-json\/wp\/v2\/pages\/39\/revisions\/470"}],"wp:attachment":[{"href":"https:\/\/www.apostasiamatildelanda.es\/index.php\/wp-json\/wp\/v2\/media?parent=39"}],"curies":[{"name":"wp","href":"https:\/\/api.w.org\/{rel}","templated":true}]}}