{"id":344,"date":"2025-05-26T18:59:57","date_gmt":"2025-05-26T16:59:57","guid":{"rendered":"https:\/\/www.apostasiamatildelanda.es\/?page_id=344"},"modified":"2025-09-22T20:23:40","modified_gmt":"2025-09-22T18:23:40","slug":"inicio","status":"publish","type":"page","link":"https:\/\/www.apostasiamatildelanda.es\/","title":{"rendered":""},"content":{"rendered":"\n<figure class=\"wp-block-image aligncenter size-large\"><img loading=\"lazy\" decoding=\"async\" width=\"698\" height=\"1024\" src=\"https:\/\/www.apostasiamatildelanda.es\/wp-content\/uploads\/2025\/04\/MatildeLandaCOLOR-copia-1-698x1024.jpg\" alt=\"\" class=\"wp-image-103\" srcset=\"https:\/\/www.apostasiamatildelanda.es\/wp-content\/uploads\/2025\/04\/MatildeLandaCOLOR-copia-1-698x1024.jpg 698w, https:\/\/www.apostasiamatildelanda.es\/wp-content\/uploads\/2025\/04\/MatildeLandaCOLOR-copia-1-204x300.jpg 204w, https:\/\/www.apostasiamatildelanda.es\/wp-content\/uploads\/2025\/04\/MatildeLandaCOLOR-copia-1-768x1127.jpg 768w, https:\/\/www.apostasiamatildelanda.es\/wp-content\/uploads\/2025\/04\/MatildeLandaCOLOR-copia-1-1047x1536.jpg 1047w, https:\/\/www.apostasiamatildelanda.es\/wp-content\/uploads\/2025\/04\/MatildeLandaCOLOR-copia-1-1396x2048.jpg 1396w, https:\/\/www.apostasiamatildelanda.es\/wp-content\/uploads\/2025\/04\/MatildeLandaCOLOR-copia-1-scaled.jpg 1745w\" sizes=\"auto, (max-width: 698px) 100vw, 698px\" \/><\/figure>\n\n\n\n<h2 class=\"wp-block-heading has-vivid-red-color has-text-color has-link-color wp-elements-c4afa60755cd3c071457472f27e1eec7\"><strong>\u00a1Bienvenidos, bienvenidas!<\/strong><\/h2>\n\n\n\n<p>Esta p\u00e1gina va mejorando cada d\u00eda, s\u00edguenos para no perderte nada: informaci\u00f3n del avance de la campa\u00f1a, pasos para apostatar, experiencias de todas y todos quienes avancemos con el proceso que nos ir\u00e1n sirviendo para ayudarnos mutuamente. Lo colectivo siempre ayuda, siempre suma.<\/p>\n\n\n\n<h2 class=\"wp-block-heading has-vivid-red-color has-text-color has-link-color wp-elements-0b986ee5691e5c12cb3372b1d3f0f81c\"><strong>Novedades<\/strong> <strong>en la p\u00e1gina<\/strong><\/h2>\n\n\n\n<p>En el apartado de \u00abActividades\u00bb hemos enlazado una campa\u00f1a para exigir a la Iglesia que pida perd\u00f3n a Matilde Landa por la crueldad con la que fue tratada tanto en vida como en los pocos minutos que dur\u00f3 su agon\u00eda despu\u00e9s de arrojarse al vac\u00edo. Puedes participar a trav\u00e9s de este enlace, firmando y colaborando en su difusi\u00f3n. <\/p>\n\n\n\n<p class=\"has-vivid-cyan-blue-color has-text-color has-link-color wp-elements-b62acc788fe909650efe7786f3217ef7\"> <a href=\"https:\/\/secure.avaaz.org\/community_petitions\/es\/conferencia_episcopal_espanola_que_la_iglesia_pida_perdon_a_matilde_landa\/\">Que la Iglesia pida perd\u00f3n a Matilde Landa<\/a><\/p>\n\n\n\n<p><\/p>\n\n\n\n<h2 class=\"wp-block-heading has-vivid-red-color has-text-color has-link-color wp-elements-d95c9a3ec74b3bb0be3cfbed71f4485a\"><strong>C\u00f3mo va la campa\u00f1a<\/strong><\/h2>\n\n\n\n<p>Nuestra campa\u00f1a va finalizando y muchas personas han formalizado su petici\u00f3n para que la Iglesia deje constancia en sus libros hist\u00f3ricos de su renuncia al bautismo. Algunas personas ya tienen en certificado y otras a\u00fan est\u00e1n tramit\u00e1ndolo. Cada persona a su ritmo. Lo importante es que unos y otras hayan encontrado en esta campa\u00f1a el acompa\u00f1amiento que necesitaban para llevar a t\u00e9rmino este deseo. El comentario m\u00e1s repetido que hemos recibido ha sido que llevaban tiempo queri\u00e9ndolo hacer y que gracias a esta campa\u00f1a lo han conseguido por fin. <\/p>\n\n\n\n<p>Si a\u00fan est\u00e1s en el proceso, seguiremos a vuestro lado, es una campa\u00f1a en la que entre todos y todas nos hemos apoyado y asesorado, hemos compartido conocimientos. Y adem\u00e1s hemos conocido m\u00e1s a esta gran mujer. En definitiva, estamos cumpliendo nuestros objetivos. <\/p>\n\n\n\n<p>Nos falta una vez que cerremos la campa\u00f1a, extraer toda la informaci\u00f3n posible para hacer esa fotograf\u00eda de situaci\u00f3n sobre la apostas\u00eda en Espa\u00f1a. Pr\u00f3ximamente contactaremos con vosotros para documentar este \u00faltimo objetivo. <\/p>\n\n\n\n<p>\u00a1Gracias! \u00a1Seguimos!<\/p>\n\n\n\n<p><\/p>\n\n\n\n<h2 class=\"wp-block-heading has-vivid-red-color has-text-color has-link-color wp-elements-50f4ba90e9ea784e18de9509d55981c9\"><strong>\u00bfQu\u00e9 tal si le ponemos un poco de entusiasmo a la vida?<\/strong><\/h2>\n\n\n\n<p>El entusiasmo es la sal de la vida. Es la gasolina que mueve nuestros corazones y nos da m\u00e1s alas que el red bull. Es esa frase, ese gesto, ese \u00e1nimo, que nos ilumina el alma y la sonrisa. Nos encanta que nos escrib\u00e1is y nos traslad\u00e9is vuestra opini\u00f3n, vuestro entusiasmo. <\/p>\n\n\n\n<p>As\u00ed nos cuenta Nuria, de Barcelona, que nos dice: \u00abLlevo tiempo queriendo apostatar y no se me ocurre mejor momento que hacerlo con vuestra campa\u00f1a, much\u00edsimas gracias\u00bb. <\/p>\n\n\n\n<p>\u00a1Gracias a ti, Nuria, y gracias a todas las personas que est\u00e1is participando!<\/p>\n\n\n\n<p><\/p>\n","protected":false},"excerpt":{"rendered":"<p>\u00a1Bienvenidos, bienvenidas! Esta p\u00e1gina va mejorando cada d\u00eda, s\u00edguenos para no perderte nada: informaci\u00f3n del avance de la campa\u00f1a, pasos para apostatar, experiencias de todas y todos quienes avancemos con el proceso que nos ir\u00e1n sirviendo para ayudarnos mutuamente. Lo colectivo siempre ayuda, siempre suma. Novedades en la p\u00e1gina En el apartado de \u00abActividades\u00bb hemos [&hellip;]<\/p>\n","protected":false},"author":1,"featured_media":0,"parent":0,"menu_order":0,"comment_status":"closed","ping_status":"closed","template":"pagina-sin-titulo","meta":{"footnotes":""},"class_list":["post-344","page","type-page","status-publish","hentry"],"_links":{"self":[{"href":"https:\/\/www.apostasiamatildelanda.es\/index.php\/wp-json\/wp\/v2\/pages\/344","targetHints":{"allow":["GET"]}}],"collection":[{"href":"https:\/\/www.apostasiamatildelanda.es\/index.php\/wp-json\/wp\/v2\/pages"}],"about":[{"href":"https:\/\/www.apostasiamatildelanda.es\/index.php\/wp-json\/wp\/v2\/types\/page"}],"author":[{"embeddable":true,"href":"https:\/\/www.apostasiamatildelanda.es\/index.php\/wp-json\/wp\/v2\/users\/1"}],"replies":[{"embeddable":true,"href":"https:\/\/www.apostasiamatildelanda.es\/index.php\/wp-json\/wp\/v2\/comments?post=344"}],"version-history":[{"count":20,"href":"https:\/\/www.apostasiamatildelanda.es\/index.php\/wp-json\/wp\/v2\/pages\/344\/revisions"}],"predecessor-version":[{"id":475,"href":"https:\/\/www.apostasiamatildelanda.es\/index.php\/wp-json\/wp\/v2\/pages\/344\/revisions\/475"}],"wp:attachment":[{"href":"https:\/\/www.apostasiamatildelanda.es\/index.php\/wp-json\/wp\/v2\/media?parent=344"}],"curies":[{"name":"wp","href":"https:\/\/api.w.org\/{rel}","templated":true}]}}