{"id":2,"date":"2025-04-07T12:45:24","date_gmt":"2025-04-07T10:45:24","guid":{"rendered":"http:\/\/apostasiamatildelanda.optyma.com\/?page_id=2"},"modified":"2025-04-20T18:33:49","modified_gmt":"2025-04-20T16:33:49","slug":"por-que-coleciva","status":"publish","type":"page","link":"https:\/\/www.apostasiamatildelanda.es\/index.php\/por-que-coleciva\/","title":{"rendered":"\u00bfPor qu\u00e9 colectiva?"},"content":{"rendered":"\n<p>Apostatar es una decisi\u00f3n individual y se tramita individualmente, pero nuestra campa\u00f1a tiene vocaci\u00f3n colectiva, porque coordinando temporalmente nuestras apostas\u00edas, adem\u00e1s de prestarnos conocimiento y apoyo entre todos y todas, daremos visibilidad y relieve p\u00fablico a la lucha por nuestro derecho a apostatar sin trabas, sin dificultades.<\/p>\n\n\n\n<p><\/p>\n","protected":false},"excerpt":{"rendered":"<p>Apostatar es una decisi\u00f3n individual y se tramita individualmente, pero nuestra campa\u00f1a tiene vocaci\u00f3n colectiva, porque coordinando temporalmente nuestras apostas\u00edas, adem\u00e1s de prestarnos conocimiento y apoyo entre todos y todas, daremos visibilidad y relieve p\u00fablico a la lucha por nuestro derecho a apostatar sin trabas, sin dificultades.<\/p>\n","protected":false},"author":1,"featured_media":0,"parent":0,"menu_order":0,"comment_status":"closed","ping_status":"closed","template":"","meta":{"footnotes":""},"class_list":["post-2","page","type-page","status-publish","hentry"],"_links":{"self":[{"href":"https:\/\/www.apostasiamatildelanda.es\/index.php\/wp-json\/wp\/v2\/pages\/2","targetHints":{"allow":["GET"]}}],"collection":[{"href":"https:\/\/www.apostasiamatildelanda.es\/index.php\/wp-json\/wp\/v2\/pages"}],"about":[{"href":"https:\/\/www.apostasiamatildelanda.es\/index.php\/wp-json\/wp\/v2\/types\/page"}],"author":[{"embeddable":true,"href":"https:\/\/www.apostasiamatildelanda.es\/index.php\/wp-json\/wp\/v2\/users\/1"}],"replies":[{"embeddable":true,"href":"https:\/\/www.apostasiamatildelanda.es\/index.php\/wp-json\/wp\/v2\/comments?post=2"}],"version-history":[{"count":4,"href":"https:\/\/www.apostasiamatildelanda.es\/index.php\/wp-json\/wp\/v2\/pages\/2\/revisions"}],"predecessor-version":[{"id":136,"href":"https:\/\/www.apostasiamatildelanda.es\/index.php\/wp-json\/wp\/v2\/pages\/2\/revisions\/136"}],"wp:attachment":[{"href":"https:\/\/www.apostasiamatildelanda.es\/index.php\/wp-json\/wp\/v2\/media?parent=2"}],"curies":[{"name":"wp","href":"https:\/\/api.w.org\/{rel}","templated":true}]}}