{"id":14,"date":"2025-04-07T12:08:31","date_gmt":"2025-04-07T10:08:31","guid":{"rendered":"http:\/\/apostasiamatildelanda.optyma.com\/?page_id=14"},"modified":"2025-04-24T16:54:15","modified_gmt":"2025-04-24T14:54:15","slug":"matilde-landa","status":"publish","type":"page","link":"https:\/\/www.apostasiamatildelanda.es\/index.php\/matilde-landa\/","title":{"rendered":"Matilde Landa Vaz"},"content":{"rendered":"\n<p>Badajoz 24\/6\/1904- Palma de Mallorca 26\/09\/1942<\/p>\n\n\n\n<figure class=\"wp-block-image size-large\"><img loading=\"lazy\" decoding=\"async\" width=\"1024\" height=\"576\" src=\"https:\/\/www.apostasiamatildelanda.es\/wp-content\/uploads\/2025\/04\/Matilde-Landa-Martir-Laica-1024x576.jpg\" alt=\"\" class=\"wp-image-246\" srcset=\"https:\/\/www.apostasiamatildelanda.es\/wp-content\/uploads\/2025\/04\/Matilde-Landa-Martir-Laica-1024x576.jpg 1024w, https:\/\/www.apostasiamatildelanda.es\/wp-content\/uploads\/2025\/04\/Matilde-Landa-Martir-Laica-300x169.jpg 300w, https:\/\/www.apostasiamatildelanda.es\/wp-content\/uploads\/2025\/04\/Matilde-Landa-Martir-Laica-768x432.jpg 768w, https:\/\/www.apostasiamatildelanda.es\/wp-content\/uploads\/2025\/04\/Matilde-Landa-Martir-Laica-1536x864.jpg 1536w, https:\/\/www.apostasiamatildelanda.es\/wp-content\/uploads\/2025\/04\/Matilde-Landa-Martir-Laica.jpg 1920w\" sizes=\"auto, (max-width: 1024px) 100vw, 1024px\" \/><\/figure>\n\n\n\n<p>Matilde Landa Vaz naci\u00f3 en Badajoz a principio del siglo XX en el seno de una familia acomodada, librepensadora&nbsp; y progresista.<\/p>\n\n\n\n<p>Desde peque\u00f1a, aprendi\u00f3 la importancia de la cultura y de la educaci\u00f3n laica, pues tanto su padre Rub\u00e9n Landa Coronado- pol\u00edtico republicano y krausista- como sus hermanos, Rub\u00e9n -catedr\u00e1tico de filosof\u00eda, pedagogo, amigo de Antonio Machado-, Aida y Jacinta &#8211; cofundadora de la Escuela Internacional y m\u00e1s tarde de la Escuela Pluriling\u00fce, maestra y music\u00f3loga- estaban fuertemente vinculados con las nuevas pedagog\u00edas educativas y el laicismo.<\/p>\n\n\n\n<p>En la d\u00e9cada de los 20 se instala en la Residencia de Se\u00f1oritas para estudiar Ciencias Naturales en la Universidad. Se casa con Francisco L\u00f3pez Ganivet, periodista, intelectual autodidacta y militante del Partido Comunista, con quien tiene a su hija Carmen. Empieza su vida laboral en 1932 como funcionaria del Cuerpo de Oficiales Femeninos de Prisiones, creado por Victoria Kent. M\u00e1s tarde, trabaja en el Instituto Cajal como colaboradora.<\/p>\n\n\n\n<p>En los primeros meses de 1936 inicia su actividad pol\u00edtica afili\u00e1ndose al Partido Comunista. Desde el inicio de la guerra su compromiso es inmenso: labores sanitarias en el Hospital Obrero de Maudes (Madrid), reorganizaci\u00f3n del Socorro Rojo Internacional (Valencia), colaboraci\u00f3n en la evacuaci\u00f3n infantil y auxilio a refugiados en \u201cLa Desband\u00e1\u201d (M\u00e1laga), estancia en el Cuartel General de las Brigadas Internacionales (Albacete), y otras tareas asistenciales en Extremadura, Arag\u00f3n y C\u00f3rdoba. En 1938, en Barcelona, se ocupa de la secci\u00f3n de Informaci\u00f3n de la Subsecretar\u00eda de Propaganda del Ministerio de Estado, organizando conferencias en diferentes ciudades que le otorgar\u00e1n gran popularidad en el territorio republicano.<\/p>\n\n\n\n<p>A lo largo de la guerra se separa amistosamente de su marido y env\u00eda a su hija Carmen a la Uni\u00f3n Sovi\u00e9tica. M\u00e1s tarde, Carmen se reunir\u00e1 en M\u00e9xico con sus t\u00edos Rub\u00e9n y Jacinta all\u00ed exiliados.<\/p>\n\n\n\n<p>En enero del 39 viaja desde Barcelona a Madrid para reorganizar el PCE por encargo de su bur\u00f3 politico, que en marzo parte al exilio. El 4 de abril del 39 es detenida por su actividad clandestina y permanece aislada e incomunicada hasta su ingreso en la prisi\u00f3n de Ventas en septiembre. All\u00ed su labor es intensa: organiza la \u201cOficina de Penadas\u201d para ayudar y asesorar a las mujeres presas en la presentaci\u00f3n de recursos que eviten la pena de muerte. Se convierte en referente de solidaridad y resistencia, gan\u00e1ndose la admiraci\u00f3n y el cari\u00f1o de las presas. El 7 de diciembre es condenada a pena de muerte, aunque seis meses m\u00e1s tarde y por mediaci\u00f3n de amistades de la familia bien posicionadas en el momento, la pena es conmutada por 30 a\u00f1os de prisi\u00f3n.<\/p>\n\n\n\n<p>A principios de agosto del 40 es trasladada al penal Can Sales en Palma de Mallorca. All\u00ed, durante dos a\u00f1os, el obispo de Mallorca Miralles Sbert, las mujeres de Acci\u00f3n Cat\u00f3lica y las monjas carceleras presionaron a Matilde con castigos y aislamientos con el fin de bautizarla, pero no consiguieron su objetivo. Finalmente, la amenazaron con reducir la raci\u00f3n de leche a los hijos de las presas. Con esta amenaza se tambalea su decisi\u00f3n y empieza su sufrimiento.<\/p>\n\n\n\n<p>En la tarde del 26 de septiembre de 1942 como \u00faltimo acto pol\u00edtico de la dirigente comunista para frustrarle al r\u00e9gimen la propaganda de su tan buscada claudicaci\u00f3n, Matilde decide lanzarse al vac\u00edo poco tiempo antes de ser bautizada. En los 40 minutos que dura su agon\u00eda, con su voluntad anulada, es bautizada \u201cin articulo mortis\u201d, para regocijo de la Iglesia.<\/p>\n","protected":false},"excerpt":{"rendered":"<p>Badajoz 24\/6\/1904- Palma de Mallorca 26\/09\/1942 Matilde Landa Vaz naci\u00f3 en Badajoz a principio del siglo XX en el seno de una familia acomodada, librepensadora&nbsp; y progresista. Desde peque\u00f1a, aprendi\u00f3 la importancia de la cultura y de la educaci\u00f3n laica, pues tanto su padre Rub\u00e9n Landa Coronado- pol\u00edtico republicano y krausista- como sus hermanos, Rub\u00e9n [&hellip;]<\/p>\n","protected":false},"author":1,"featured_media":0,"parent":0,"menu_order":7,"comment_status":"closed","ping_status":"closed","template":"","meta":{"footnotes":""},"class_list":["post-14","page","type-page","status-publish","hentry"],"_links":{"self":[{"href":"https:\/\/www.apostasiamatildelanda.es\/index.php\/wp-json\/wp\/v2\/pages\/14","targetHints":{"allow":["GET"]}}],"collection":[{"href":"https:\/\/www.apostasiamatildelanda.es\/index.php\/wp-json\/wp\/v2\/pages"}],"about":[{"href":"https:\/\/www.apostasiamatildelanda.es\/index.php\/wp-json\/wp\/v2\/types\/page"}],"author":[{"embeddable":true,"href":"https:\/\/www.apostasiamatildelanda.es\/index.php\/wp-json\/wp\/v2\/users\/1"}],"replies":[{"embeddable":true,"href":"https:\/\/www.apostasiamatildelanda.es\/index.php\/wp-json\/wp\/v2\/comments?post=14"}],"version-history":[{"count":7,"href":"https:\/\/www.apostasiamatildelanda.es\/index.php\/wp-json\/wp\/v2\/pages\/14\/revisions"}],"predecessor-version":[{"id":248,"href":"https:\/\/www.apostasiamatildelanda.es\/index.php\/wp-json\/wp\/v2\/pages\/14\/revisions\/248"}],"wp:attachment":[{"href":"https:\/\/www.apostasiamatildelanda.es\/index.php\/wp-json\/wp\/v2\/media?parent=14"}],"curies":[{"name":"wp","href":"https:\/\/api.w.org\/{rel}","templated":true}]}}