{"id":128,"date":"2025-04-14T16:08:37","date_gmt":"2025-04-14T14:08:37","guid":{"rendered":"https:\/\/www.apostasiamatildelanda.es\/?page_id=128"},"modified":"2026-05-08T09:53:42","modified_gmt":"2026-05-08T07:53:42","slug":"actividades","status":"publish","type":"page","link":"https:\/\/www.apostasiamatildelanda.es\/index.php\/actividades\/","title":{"rendered":"Actividades"},"content":{"rendered":"\n<ul class=\"wp-block-list\">\n<li><a href=\"#proximas\">Pr\u00f3ximas actividades<\/a><\/li>\n\n\n\n<li><a href=\"#pasadas\">Actividades ya realizadas<\/a><\/li>\n<\/ul>\n\n\n\n<h2 class=\"wp-block-heading has-vivid-red-color has-text-color has-link-color wp-elements-d16b49b4ff740e20b474c4ad562b50e1\" id=\"proximas\"><strong>Actividades<\/strong> <strong>actuales<\/strong><\/h2>\n\n\n\n<p class=\"has-vivid-red-color has-background-background-color has-text-color has-background has-link-color wp-elements-d8d76151fda3e97ff962199ff77f8926\"><strong>NOS ADHERIMOS AL MANIFIESTO DE EUROPA LAICA PARA EXIGIR EL LAICISMO DEL ESTADO<\/strong><\/p>\n\n\n\n<p>Pronto tendremos en Espa\u00f1a la visita del Papa, el jefe de la iglesia cat\u00f3lica, una iglesia que sigue contando con muchos privilegios en este Estado declarado aconfesional. El concordato firmado en la etapa posfranquista es el documento que mantiene vivos dichos privilegios, entre otros, que la iglesia pueda dificultar la apostas\u00eda a las personas que libremente quieren ejercer su derecho de libertad de conciencia, sin que el Estado pueda garantizar nuestro derecho. Pero no es lo \u00fanico: inmatriculaciones, conciertos religiosos, financiaci\u00f3n p\u00fablica, etc. <\/p>\n\n\n\n<p>Europa Laica ha lanzado un manifiesto para demandar laicismo y denunciar estos abusos, manifiesto que ya lleva recogidas m\u00e1s de 40.000 firmas. Nuestra campa\u00f1a se ha adherido, y os dejamos el enlace para que tambi\u00e9n vosotros y vosotras pod\u00e1is leerlo y apoyarlo con vuestra firma. <\/p>\n\n\n\n<p>Lo que queremos o\u00edr el d\u00eda 8 de junio en el Congreso de la boca del Papa es que la Iglesia renuncia a sus privilegios, por si se le ha olvidado incluir esto en su discurso, \u00a1se lo recordamos!<\/p>\n\n\n\n<figure class=\"wp-block-embed is-type-wp-embed is-provider-el-observatorio-del-laicismo wp-block-embed-el-observatorio-del-laicismo\"><div class=\"wp-block-embed__wrapper\">\n<blockquote class=\"wp-embedded-content\" data-secret=\"tixkNElTdo\"><a href=\"https:\/\/laicismo.org\/mas-de-40-organizaciones-y-100-personalidades-firman-un-manifiesto-por-la-derogacion-de-los-acuerdos-con-la-santa-sede\/\">60 organizaciones y m\u00e1s de 140 personalidades lanzan un manifiesto y recogen firmas por la derogaci\u00f3n de los acuerdos con la Santa Sede<\/a><\/blockquote><iframe loading=\"lazy\" class=\"wp-embedded-content\" sandbox=\"allow-scripts\" security=\"restricted\" style=\"position: absolute; visibility: hidden;\" title=\"\u00ab60 organizaciones y m\u00e1s de 140 personalidades lanzan un manifiesto y recogen firmas por la derogaci\u00f3n de los acuerdos con la Santa Sede\u00bb \u2014 El Observatorio del laicismo\" src=\"https:\/\/laicismo.org\/mas-de-40-organizaciones-y-100-personalidades-firman-un-manifiesto-por-la-derogacion-de-los-acuerdos-con-la-santa-sede\/embed\/#?secret=yyX26FHCxJ#?secret=tixkNElTdo\" data-secret=\"tixkNElTdo\" width=\"500\" height=\"282\" frameborder=\"0\" marginwidth=\"0\" marginheight=\"0\" scrolling=\"no\"><\/iframe>\n<\/div><\/figure>\n\n\n\n<p class=\"has-vivid-red-color has-text-color has-link-color wp-elements-65c7d277798fde1202baf4e218f5316e\"><strong>RECOGIDA DE FIRMAS PARA EXIGIR A LA IGLESIA QUE PIDA PERD\u00d3N A MATILDE LANDA<\/strong><\/p>\n\n\n\n<p>Matilde Landa fue bautizada mientras agonizaba despu\u00e9s de haberse arrojado al vac\u00edo para evitar su bautizo p\u00fablico. Vivi\u00f3 un acoso y un acto de crueldad y su memoria merece una reparaci\u00f3n y un acto de justicia. Por eso hemos puesto en marcha una campa\u00f1a de recogida de firmas para exigir a la Iglesia que pida perd\u00f3n por esos inhumanos comportamientos. Participa y difunde, ayudemos entre todos y todas a visibilizar a Matilde Landa y a exigir la justicia que todas las v\u00edctimas como ella merecen. Aqu\u00ed os dejamos el enlace:<\/p>\n\n\n\n<p class=\"has-vivid-cyan-blue-color has-text-color has-link-color wp-elements-b62acc788fe909650efe7786f3217ef7\"> <a href=\"https:\/\/secure.avaaz.org\/community_petitions\/es\/conferencia_episcopal_espanola_que_la_iglesia_pida_perdon_a_matilde_landa\/\">Que la Iglesia pida perd\u00f3n a Matilde Landa<\/a><\/p>\n\n\n\n<p><\/p>\n\n\n\n<h2 class=\"wp-block-heading has-vivid-red-color has-text-color has-link-color wp-elements-ae517d451aa0678b34915b078c52f88d\"><strong>Actividades realizadas hasta el momento<\/strong><\/h2>\n\n\n\n<p class=\"has-vivid-red-color has-text-color has-link-color wp-elements-b0cd30b1f85a855d5293b2c193d96ca4\"><strong>NOS VAMOS DE LA MANITA A PRESENTAR NUESTRA APOSTAS\u00cdA<\/strong><\/p>\n\n\n\n<p><\/p>\n\n\n\n<p>El 26 de junio quedamos para presentar apostas\u00edas conjuntamente en la archidi\u00f3cesis de Madrid. \u00bfQu\u00e9 nos encontramos? Pues que nos obligaban a entrar de uno en uno, cosa que no hicimos porque en ning\u00fan sitio est\u00e1 escrito que no se pueda acudir acompa\u00f1ado o acompa\u00f1ada a realizar cualquier gesti\u00f3n. As\u00ed que decidimos entrar de dos en dos. <\/p>\n\n\n\n<p>Y s\u00ed, de repente y sin que nos lo hubieran pedido hasta el momento, nos rechazaron algunas solicitudes que no aportaban el DNI compulsado. Madrid se est\u00e1 ganando el premio lim\u00f3n al obispado menos colaborador. <\/p>\n\n\n\n<p><\/p>\n\n\n\n<h2 class=\"wp-block-heading has-vivid-red-color has-text-color has-link-color wp-elements-108c648569c030add9ceb8f32fc9b6a4\"><\/h2>\n\n\n\n<p class=\"has-vivid-red-color has-text-color has-link-color wp-elements-831c0fc2a1527c3e1ff734998d3716e5\"><strong>CELEBRAMOS EL 121 CUMPLEA\u00d1OS DE MATILDE LANDA<\/strong><\/p>\n\n\n\n<p>El 24 de junio celebramos el cumplea\u00f1os con una reuni\u00f3n virtual en la que nos juntamos las y los ap\u00f3statas que quisimos felicitar a Matilde. Que s\u00ed, que ya sabemos que a 121 a\u00f1os es muy dif\u00edcil que hubiera llegado, pero tambi\u00e9n sabemos que sin la represi\u00f3n franquista y sin el acoso de la iglesia al que fue sometida, su vida no se hubiera truncado a los 38 a\u00f1os como sucedi\u00f3.<\/p>\n\n\n\n<p>\u00a1Felicidades Matilde, cu\u00e1nto admiramos tu compromiso, tu dignidad, tus valores y la coherencia que tuviste hasta tu tr\u00e1gica muerte! <\/p>\n\n\n\n<p>Seguiremos celebrando tu cumplea\u00f1os, \u00a1siempre!<\/p>\n\n\n\n<p class=\"has-vivid-red-color has-text-color has-link-color wp-elements-8624de366d6c498d59f3013291a0d549\"><strong> SEGUNDA VISITA GUIADA POR MADRID SIGUIENDO LOS PASOS DE MATILDE LANDA!<\/strong><\/p>\n\n\n\n<p><\/p>\n\n\n\n<figure class=\"wp-block-image aligncenter size-medium\"><img loading=\"lazy\" decoding=\"async\" width=\"223\" height=\"300\" src=\"https:\/\/www.apostasiamatildelanda.es\/wp-content\/uploads\/2025\/05\/cartel-ruta-1-de-junio-223x300.jpg\" alt=\"\" class=\"wp-image-341\" srcset=\"https:\/\/www.apostasiamatildelanda.es\/wp-content\/uploads\/2025\/05\/cartel-ruta-1-de-junio-223x300.jpg 223w, https:\/\/www.apostasiamatildelanda.es\/wp-content\/uploads\/2025\/05\/cartel-ruta-1-de-junio.jpg 534w\" sizes=\"auto, (max-width: 223px) 100vw, 223px\" \/><\/figure>\n\n\n\n<p>Despu\u00e9s del \u00e9xito obtenido en la primera edici\u00f3n de abril, hemos repetido la&nbsp;<strong>\u00abRuta&nbsp;Matilde Landa\u00bb<\/strong>&nbsp;el domingo 1 de junio (inicialmente elegimos la fecha del 25 de mayo, pero la aplazamos porque coincid\u00eda con la convocatoria de una manifestaci\u00f3n por la Sanidad P\u00fablica, importante tambi\u00e9n). El objetivo de esta&nbsp;ruta&nbsp;ha sido conocer la trayectoria personal y pol\u00edtica de Matilde Landa, identificando en un itinerario did\u00e1ctico los lugares m\u00e1s relevantes de su vida en Madrid. La&nbsp;ruta&nbsp;ha sido guiada por Carlos D\u00edez Hernando y Teresa Vacas Lobato (integrantes del grupo promotor de la campa\u00f1a). <\/p>\n\n\n\n<figure class=\"wp-block-image size-large\"><img loading=\"lazy\" decoding=\"async\" width=\"1024\" height=\"768\" src=\"https:\/\/www.apostasiamatildelanda.es\/wp-content\/uploads\/2025\/06\/foto-grupo-1-de-junio-1024x768.jfif\" alt=\"\" class=\"wp-image-417\" srcset=\"https:\/\/www.apostasiamatildelanda.es\/wp-content\/uploads\/2025\/06\/foto-grupo-1-de-junio-1024x768.jfif 1024w, https:\/\/www.apostasiamatildelanda.es\/wp-content\/uploads\/2025\/06\/foto-grupo-1-de-junio-300x225.jfif 300w, https:\/\/www.apostasiamatildelanda.es\/wp-content\/uploads\/2025\/06\/foto-grupo-1-de-junio-768x576.jfif 768w, https:\/\/www.apostasiamatildelanda.es\/wp-content\/uploads\/2025\/06\/foto-grupo-1-de-junio.jfif 1080w\" sizes=\"auto, (max-width: 1024px) 100vw, 1024px\" \/><\/figure>\n\n\n\n<p><br>La ruta finaliz\u00f3 en la Puerta del Sol, junto a la antigua Direcci\u00f3n General de Seguridad, en el entonces edificio de la Gobernaci\u00f3n. All\u00ed fue conducida Matilde cuando fue detenida y pas\u00f3 seis meses en una de sus mazmorras, aislada y sin luz. \u00abUna noche de seis meses\u00bb como lo describe David Ginard en su libro \u00abMatilde Landa: El compromiso y la tragedia\u00bb.<\/p>\n\n\n\n<p>Tuvimos el honor de contar en la ruta con la compa\u00f1\u00eda de un nieto de Aida Landa, hermana de Matilde. Desde alguna de esas ventanas que se ven en la fotograf\u00eda, pegadas al suelo, por las tardes, en los momentos en que la dejaban salir para acondicionamiento de la celda, Matilde pod\u00eda ver el exterior y a los transe\u00fantes que circulaban por la calle. Aida, conocedora de esto, se paseaba por las tardes por la zona, con sus hijos, los sobrinos de Matilde, para que esta pudiera verles en esos ratitos, ya que no ten\u00eda permitido recibir visitas.  <\/p>\n\n\n\n<p><\/p>\n\n\n\n<h2 class=\"wp-block-heading has-vivid-red-color has-background-background-color has-text-color has-background has-link-color wp-elements-5c56854e6d9d7673b60cf9ccc178c631\"><\/h2>\n\n\n\n<p class=\"has-vivid-red-color has-text-color has-link-color wp-elements-f2f2e0f912d663eb165584c2542c1f6f\"><strong>APOSTAS\u00cdA MATILDE LANDA PARTICIPA EN EL ACTO P\u00daBLICO DE REIVINDICACI\u00d3N DE LA CALLE MAESTRA JUSTA FREIRE<\/strong> <\/p>\n\n\n\n<p class=\"has-foreground-color has-text-color has-link-color wp-elements-bde5e589c999f89bb8dcc19e60980562\"><strong>Organiza: plataforma Calles Dignas &#8211; Justa Freire. 24 de mayo de 2025 a las 11:00h en el Centro Cultural Paco de Luc\u00eda (Av. las \u00c1guilas, Madrid)<\/strong>. Gratuito. Entrada libre hasta completar aforo.<\/p>\n\n\n\n<p class=\"has-foreground-color has-text-color has-link-color wp-elements-1acbe2310a88dc8f5b9898f863a3956a\">Tendremos una intervenci\u00f3n breve pero c\u00f3mo nos alegra poder sumarnos a la reivindicaci\u00f3n por la visibilidad de otra gran figura femenina republicana, que  parece que tambi\u00e9n le est\u00e1 costando hacerse un hueco, al menos en el callejero madrile\u00f1o.<\/p>\n\n\n\n<p>Como sab\u00e9is, Justa Freire fue una de las maestras m\u00e1s comprometidas con la educaci\u00f3n durante la II Rep\u00fablica en Madrid. En en a\u00f1o 2017 el Ayuntamiento de de Madrid le dio su nombre a una calle que hasta el momento llevaba el nombre del General Mill\u00e1n Astray, pero en 2019 el nuevo equipo de gobierno del actual alcalde, utilizando de excusa una resoluci\u00f3n judicial que rechazaron recurrir, restituy\u00f3 el nombre de aquel militar que tantas responsabilidades pol\u00edticas ejerci\u00f3 durante el r\u00e9gimen franquista.<\/p>\n\n\n\n<p>Os animamos a que acud\u00e1is al acto. Aqu\u00ed ten\u00e9is los carteles del acto. <\/p>\n\n\n\n<div class=\"wp-block-columns is-layout-flex wp-container-core-columns-is-layout-28f84493 wp-block-columns-is-layout-flex\">\n<div class=\"wp-block-column is-layout-flow wp-block-column-is-layout-flow\" style=\"flex-basis:100%\">\n<div class=\"wp-block-columns is-layout-flex wp-container-core-columns-is-layout-28f84493 wp-block-columns-is-layout-flex\">\n<div class=\"wp-block-column is-layout-flow wp-block-column-is-layout-flow\">\n<figure class=\"wp-block-image size-large\"><img loading=\"lazy\" decoding=\"async\" width=\"974\" height=\"1024\" src=\"https:\/\/www.apostasiamatildelanda.es\/wp-content\/uploads\/2025\/05\/foto-1-justa-freire-974x1024.jpg\" alt=\"\" class=\"wp-image-360\" srcset=\"https:\/\/www.apostasiamatildelanda.es\/wp-content\/uploads\/2025\/05\/foto-1-justa-freire-974x1024.jpg 974w, https:\/\/www.apostasiamatildelanda.es\/wp-content\/uploads\/2025\/05\/foto-1-justa-freire-285x300.jpg 285w, https:\/\/www.apostasiamatildelanda.es\/wp-content\/uploads\/2025\/05\/foto-1-justa-freire-768x807.jpg 768w, https:\/\/www.apostasiamatildelanda.es\/wp-content\/uploads\/2025\/05\/foto-1-justa-freire.jpg 1080w\" sizes=\"auto, (max-width: 974px) 100vw, 974px\" \/><\/figure>\n<\/div>\n\n\n\n<div class=\"wp-block-column is-layout-flow wp-block-column-is-layout-flow\">\n<figure class=\"wp-block-image size-large\"><img loading=\"lazy\" decoding=\"async\" width=\"974\" height=\"1024\" src=\"https:\/\/www.apostasiamatildelanda.es\/wp-content\/uploads\/2025\/05\/foto-2-justa-freire-974x1024.jpg\" alt=\"\" class=\"wp-image-361\" srcset=\"https:\/\/www.apostasiamatildelanda.es\/wp-content\/uploads\/2025\/05\/foto-2-justa-freire-974x1024.jpg 974w, https:\/\/www.apostasiamatildelanda.es\/wp-content\/uploads\/2025\/05\/foto-2-justa-freire-285x300.jpg 285w, https:\/\/www.apostasiamatildelanda.es\/wp-content\/uploads\/2025\/05\/foto-2-justa-freire-768x807.jpg 768w, https:\/\/www.apostasiamatildelanda.es\/wp-content\/uploads\/2025\/05\/foto-2-justa-freire.jpg 1080w\" sizes=\"auto, (max-width: 974px) 100vw, 974px\" \/><\/figure>\n<\/div>\n<\/div>\n<\/div>\n<\/div>\n\n\n\n<p>\u00a1Qu\u00e9 dos grandes mujeres, Matilde Landa y Justa Freire! Rescatemos ambas figuras y que tengan la visibilizaci\u00f3n que merecen. <\/p>\n\n\n\n<p>Si no pudiste asistir, te dejamos en enlace para que puedas ver la grabaci\u00f3n. Fue un acto precioso y emotivo<\/p>\n\n\n\n<p class=\"has-vivid-red-color has-text-color has-link-color wp-elements-c9365267f914bd71ea50e5e539e3962b\"><\/p>\n\n\n\n<p><a href=\"https:\/\/www.google.com\/search?q=acto+cultural+en+favor+de+a+calle+maestra+justa+freire\">https:\/\/www.google.com\/search?q=acto+cultural+en+favor+de+a+calle+maestra+justa+freire<\/a><\/p>\n\n\n\n<p><\/p>\n\n\n\n<h2 class=\"wp-block-heading has-vivid-red-color has-text-color has-link-color wp-elements-108c648569c030add9ceb8f32fc9b6a4\"><\/h2>\n\n\n\n<p><\/p>\n\n\n\n<p class=\"has-vivid-red-color has-text-color has-link-color wp-elements-996d6af4b71fd3f216b76092cbfcb20b\"><strong>PRESENTACI\u00d3N DEL LIBRO \u00abMATILDE LANDA, EL COMPROMISO Y LA TRAGEDIA\u00bb<\/strong> de David Ginard F\u00e9ron. Fecha y lugar: 7 de mayo de 2025 a las 19:00h en la biblioteca \u00c1ngel Gonz\u00e1lez, de Madrid<\/p>\n\n\n\n<figure class=\"wp-block-image aligncenter size-full\"><img loading=\"lazy\" decoding=\"async\" width=\"526\" height=\"720\" src=\"https:\/\/www.apostasiamatildelanda.es\/wp-content\/uploads\/2025\/05\/Presentacion-Libro-Matilde-Landa-de-Ginard.jpg\" alt=\"\" class=\"wp-image-294\" srcset=\"https:\/\/www.apostasiamatildelanda.es\/wp-content\/uploads\/2025\/05\/Presentacion-Libro-Matilde-Landa-de-Ginard.jpg 526w, https:\/\/www.apostasiamatildelanda.es\/wp-content\/uploads\/2025\/05\/Presentacion-Libro-Matilde-Landa-de-Ginard-219x300.jpg 219w\" sizes=\"auto, (max-width: 526px) 100vw, 526px\" \/><\/figure>\n\n\n\n<p>Profundizamos en el conocimiento de esta gran mujer republicana de la mano de David Ginard, que nos ofreci\u00f3 una magn\u00edfica conferencia.<\/p>\n\n\n\n<figure class=\"wp-block-image aligncenter size-medium is-resized\"><img loading=\"lazy\" decoding=\"async\" width=\"200\" height=\"300\" src=\"https:\/\/www.apostasiamatildelanda.es\/wp-content\/uploads\/2025\/05\/foto-ponentes-200x300.jfif\" alt=\"\" class=\"wp-image-314\" style=\"width:290px;height:auto\" srcset=\"https:\/\/www.apostasiamatildelanda.es\/wp-content\/uploads\/2025\/05\/foto-ponentes-200x300.jfif 200w, https:\/\/www.apostasiamatildelanda.es\/wp-content\/uploads\/2025\/05\/foto-ponentes.jfif 613w\" sizes=\"auto, (max-width: 200px) 100vw, 200px\" \/><\/figure>\n\n\n\n<figure class=\"wp-block-image aligncenter size-medium\"><img loading=\"lazy\" decoding=\"async\" width=\"300\" height=\"225\" src=\"https:\/\/www.apostasiamatildelanda.es\/wp-content\/uploads\/2025\/05\/foto-general-300x225.jfif\" alt=\"\" class=\"wp-image-313\" srcset=\"https:\/\/www.apostasiamatildelanda.es\/wp-content\/uploads\/2025\/05\/foto-general-300x225.jfif 300w, https:\/\/www.apostasiamatildelanda.es\/wp-content\/uploads\/2025\/05\/foto-general-1024x768.jfif 1024w, https:\/\/www.apostasiamatildelanda.es\/wp-content\/uploads\/2025\/05\/foto-general-768x576.jfif 768w, https:\/\/www.apostasiamatildelanda.es\/wp-content\/uploads\/2025\/05\/foto-general.jfif 1080w\" sizes=\"auto, (max-width: 300px) 100vw, 300px\" \/><\/figure>\n\n\n\n<p>Y fue un honor contar entre el p\u00fablico con Mariano L\u00f3pez, nieto de Matilde Landa y con su familia. Gracias por acudir y por vuestro apoyo. <\/p>\n\n\n\n<p>La biblioteca ya cuenta con un ejemplar de este libro, firmado por su autor, que fue donado por la librer\u00eda <strong>sin tarima<\/strong> (www.sintarimalibros.com)<\/p>\n\n\n\n<h3 class=\"wp-block-heading has-vivid-red-color has-text-color has-link-color wp-elements-bddaa369ec250ba616a46af9bb89a03d\" id=\"pasadas\"><\/h3>\n\n\n\n<p class=\"has-vivid-red-color has-text-color has-link-color wp-elements-bafb43b13a1accd35c9741c3f1a10ce2\"><strong>VISITA GUIADA POR MADRID SIGUIENDO LOS PASOS DE MATILDE LANDA:<\/strong> 26 de abril de 2025<\/p>\n\n\n\n<p class=\"has-medium-font-size\">La primera edici\u00f3n de la&nbsp;<strong>\u00abRuta&nbsp;Matilde Landa\u00bb<\/strong>&nbsp;ha tenido lugar el&nbsp;<strong>s\u00e1bado 26 de abril<\/strong>. El objetivo de esta&nbsp;ruta&nbsp;ha sido conocer la trayectoria personal y pol\u00edtica de Matilde Landa, identificando en un itinerario did\u00e1ctico los lugares m\u00e1s relevantes de su vida en Madrid. La&nbsp;ruta&nbsp;ha sido guiada por Carlos D\u00edez Hernando y Teresa Vacas Lobato (integrantes del grupo promotor de la campa\u00f1a). Despu\u00e9s de finalizar la&nbsp;ruta, tuvo lugar una comida en homenaje a Matilde Landa en el Hogar Extreme\u00f1o de Madrid (Gran V\u00eda 59).&nbsp;<\/p>\n\n\n\n<p class=\"has-medium-font-size\">La ruta tuvo mucho \u00e9xito y se agotaron las plazas muy pronto. Si no pudisteis ir, tenemos otra edici\u00f3n prevista para el domingo 25 de mayo o pod\u00e9is realizarla virtualmente, a trav\u00e9s de la grabaci\u00f3n disponible en el siguiente enlace de YouTube:<\/p>\n\n\n\n<figure class=\"wp-block-embed is-type-video is-provider-youtube wp-block-embed-youtube wp-embed-aspect-16-9 wp-has-aspect-ratio\"><div class=\"wp-block-embed__wrapper\">\n<iframe loading=\"lazy\" title=\"Ruta MATILDE LANDA\" width=\"500\" height=\"281\" src=\"https:\/\/www.youtube.com\/embed\/QH7k5obAUjQ?feature=oembed\" frameborder=\"0\" allow=\"accelerometer; autoplay; clipboard-write; encrypted-media; gyroscope; picture-in-picture; web-share\" referrerpolicy=\"strict-origin-when-cross-origin\" allowfullscreen><\/iframe>\n<\/div><\/figure>\n\n\n\n<p><\/p>\n\n\n\n<p class=\"has-vivid-red-color has-text-color has-link-color wp-elements-248a754950a4b47e15d62d2757327ff6\"><strong>PRESENTACI\u00d3N DE LA CAMPA\u00d1A EN EL ATENEO DE MADRID. <\/strong>Fecha y lugar: 7 de abril de 2025 a las 19:00h.<\/p>\n\n\n\n<figure class=\"wp-block-embed is-type-video is-provider-youtube wp-block-embed-youtube wp-embed-aspect-16-9 wp-has-aspect-ratio\"><div class=\"wp-block-embed__wrapper\">\n<iframe loading=\"lazy\" title=\"Campa\u00f1a Apostas\u00eda Colectiva MATILDE LANDA\" width=\"500\" height=\"281\" src=\"https:\/\/www.youtube.com\/embed\/CfSpHB-TudI?feature=oembed\" frameborder=\"0\" allow=\"accelerometer; autoplay; clipboard-write; encrypted-media; gyroscope; picture-in-picture; web-share\" referrerpolicy=\"strict-origin-when-cross-origin\" allowfullscreen><\/iframe>\n<\/div><\/figure>\n\n\n\n<p><\/p>\n\n\n\n<p><\/p>\n\n\n\n<p class=\"has-vivid-red-color has-text-color has-link-color wp-elements-c9365267f914bd71ea50e5e539e3962b\"><\/p>\n\n\n\n<p><\/p>\n\n\n\n<p><\/p>\n\n\n\n<p><\/p>\n","protected":false},"excerpt":{"rendered":"<p>Actividades actuales NOS ADHERIMOS AL MANIFIESTO DE EUROPA LAICA PARA EXIGIR EL LAICISMO DEL ESTADO Pronto tendremos en Espa\u00f1a la visita del Papa, el jefe de la iglesia cat\u00f3lica, una iglesia que sigue contando con muchos privilegios en este Estado declarado aconfesional. El concordato firmado en la etapa posfranquista es el documento que mantiene vivos [&hellip;]<\/p>\n","protected":false},"author":1,"featured_media":0,"parent":0,"menu_order":0,"comment_status":"closed","ping_status":"closed","template":"","meta":{"footnotes":""},"class_list":["post-128","page","type-page","status-publish","hentry"],"_links":{"self":[{"href":"https:\/\/www.apostasiamatildelanda.es\/index.php\/wp-json\/wp\/v2\/pages\/128","targetHints":{"allow":["GET"]}}],"collection":[{"href":"https:\/\/www.apostasiamatildelanda.es\/index.php\/wp-json\/wp\/v2\/pages"}],"about":[{"href":"https:\/\/www.apostasiamatildelanda.es\/index.php\/wp-json\/wp\/v2\/types\/page"}],"author":[{"embeddable":true,"href":"https:\/\/www.apostasiamatildelanda.es\/index.php\/wp-json\/wp\/v2\/users\/1"}],"replies":[{"embeddable":true,"href":"https:\/\/www.apostasiamatildelanda.es\/index.php\/wp-json\/wp\/v2\/comments?post=128"}],"version-history":[{"count":62,"href":"https:\/\/www.apostasiamatildelanda.es\/index.php\/wp-json\/wp\/v2\/pages\/128\/revisions"}],"predecessor-version":[{"id":479,"href":"https:\/\/www.apostasiamatildelanda.es\/index.php\/wp-json\/wp\/v2\/pages\/128\/revisions\/479"}],"wp:attachment":[{"href":"https:\/\/www.apostasiamatildelanda.es\/index.php\/wp-json\/wp\/v2\/media?parent=128"}],"curies":[{"name":"wp","href":"https:\/\/api.w.org\/{rel}","templated":true}]}}